{"id":16,"date":"2022-04-29T16:53:09","date_gmt":"2022-04-29T13:53:09","guid":{"rendered":"https:\/\/clinisoft.fi\/?page_id=16"},"modified":"2025-11-20T16:19:05","modified_gmt":"2025-11-20T14:19:05","slug":"16-2-2","status":"publish","type":"page","link":"https:\/\/clinisoft.fi\/?page_id=16&lang=fi","title":{"rendered":"Etusivu"},"content":{"rendered":"<div class=\"gb-container gb-container-969095bc\"><div class=\"gb-inside-container\">\n\n<div class=\"wp-block-columns is-layout-flex wp-container-core-columns-is-layout-9d6595d7 wp-block-columns-is-layout-flex\">\n<div class=\"wp-block-column is-layout-flow wp-block-column-is-layout-flow\" style=\"flex-basis:100%\"><div class=\"gb-grid-wrapper gb-grid-wrapper-5b338bad\">\n<div class=\"gb-grid-column gb-grid-column-8441b583\"><div class=\"gb-container gb-container-8441b583\"><div class=\"gb-inside-container\">\n\n<h1 class=\"gb-headline gb-headline-cd97ccd3 gb-headline-text\">Terveysteknologian osaaja<\/h1>\n\n\n\n<p class=\"has-text-align-left has-base-3-color has-text-color\">Clinisoft on terveysteknologian yritys, jolla on yli kolmenkymmenen vuoden kokemus vaativiin terveydenhuollon ymp\u00e4rist\u00f6ihin suunniteltujen ohjelmistojen toteuttamisesta. ISO13485 pohjainen toimintamallimme, hyv\u00e4\u00e4n k\u00e4ytett\u00e4vyyteen t\u00e4ht\u00e4\u00e4v\u00e4n suunnittelutapamme ja terveydenhuollon prosessiosaamisemme tuella olemme yritys, jonka ratkaisuihin asiakkaamme voivat luottaa. <\/p>\n\n\n\n<p class=\"has-base-3-color has-text-color has-link-color wp-elements-08e150187d36e077d761d2db1ccafe73\">Vuoden 2025 alusta alkaen Efectium liiketoiminta on osa Clinisoft Oy:n liiketoimintaa.<\/p>\n\n\n<div class=\"gb-button-wrapper gb-button-wrapper-57adf689\">\n\n<a class=\"gb-button gb-button-0b95c85c gb-button-text\" href=\"https:\/\/clinisoft.fi\/fi\/miksi-clinisoft\/\">Lue lis\u00e4\u00e4<\/a>\n\n<\/div>\n<\/div><\/div><\/div>\n<\/div><\/div>\n<\/div>\n\n<\/div><\/div>\n\n<div class=\"gb-container gb-container-322ccd3f\"><div class=\"gb-inside-container\">\n<div class=\"gb-grid-wrapper gb-grid-wrapper-4c2f53e0\">\n<div class=\"gb-grid-column gb-grid-column-dab421c1\"><div class=\"gb-container gb-container-dab421c1\"><div class=\"gb-inside-container\">\n\n<h2 class=\"gb-headline gb-headline-ec40bf06 gb-headline-text\">Yrityksell\u00e4mme on arvoa vain, jos potilas hy\u00f6tyy meist\u00e4 <\/h2>\n\n\n\n<p>Terveydenhuollon rakenteiden muuttuessa my\u00f6s toiminnan ohjauksen mallit tulevat muuttumaan. Potilas on kuitenkin muutoksesta huolimatta se, jonka saamaa terveyshy\u00f6ty\u00e4 terveydenhuolto pyrkii optimoimaan. Me tuotamme sovelluksia, jotka tukevat t\u00e4t\u00e4 pyrkimyst\u00e4. Meille t\u00e4m\u00e4 tarkoittaa, ett\u00e4 ratkaisumme ovat potilasta varten, ja auttavat terveydenhuoltoa adaptoitumaan potilaan tilaan.<\/p>\n\n<\/div><\/div><\/div>\n\n<div class=\"gb-grid-column gb-grid-column-0da1597b\"><div class=\"gb-container gb-container-0da1597b\"><div class=\"gb-inside-container\">\n\n<h2 class=\"gb-headline gb-headline-f2fecb8e gb-headline-text\">Ratkaisuillamme on arvoa vain, jos k\u00e4ytt\u00e4j\u00e4t hyv\u00e4ksyv\u00e4t  ne<\/h2>\n\n\n\n<p>Kokemuksemme perusteella parhaat sovellukset syntyv\u00e4t silloin, kun terveydenhuollon ja tietotekniikan ammattilaiset toteuttavat ne yhdess\u00e4. Me kunnioitamme terveydenhuollon ammattilaisia ja haluamme loppuk\u00e4ytt\u00e4j\u00e4t mukaan suunnittelun.<\/p>\n\n<\/div><\/div><\/div>\n<\/div>\n<\/div><\/div>\n\n<div class=\"gb-container gb-container-4ecfdec2\"><div class=\"gb-inside-container\">\n<div class=\"gb-grid-wrapper gb-grid-wrapper-866bfc45\">\n<div class=\"gb-grid-column gb-grid-column-cedaf1b7\"><div class=\"gb-container gb-container-cedaf1b7\"><div class=\"gb-inside-container\">\n<div class=\"wp-block-image is-style-rounded img-profiili\">\n<figure class=\"aligncenter size-medium is-resized\"><img decoding=\"async\" src=\"https:\/\/clinisoft.fi\/wp-content\/uploads\/2022\/06\/pekka.jpg\" alt=\"\" class=\"wp-image-110\" style=\"width:120px;height:120px\"\/><\/figure>\n<\/div>\n\n\n<h2 class=\"gb-headline gb-headline-afa2f616 gb-headline-text\"><em>\u201dTeemme t\u00f6it\u00e4 yhdess\u00e4 terveydenhuollon ammattilaisten kanssa potilaan parhaaksi.\u201d<\/em><\/h2>\n\n\n\n<p class=\"has-text-align-center has-contrast-3-color has-text-color\">\u2013 Pekka Kola, yritt\u00e4j\u00e4<\/p>\n\n<\/div><\/div><\/div>\n<\/div>\n<\/div><\/div>\n\n<div class=\"gb-container gb-container-b56bbe6a\"><div class=\"gb-inside-container\">\n<div class=\"gb-grid-wrapper gb-grid-wrapper-7919d693\">\n<div class=\"gb-grid-column gb-grid-column-f6c2aa2b\"><div class=\"gb-container gb-container-f6c2aa2b\"><div class=\"gb-inside-container\">\n\n<h2 class=\"gb-headline gb-headline-25514fd9 gb-headline-text\">Ei ole olemassa yht\u00e4 parasta terveydenhuollon ohjaustapaa, vaan niit\u00e4 on monia <\/h2>\n\n\n\n<p><\/p>\n\n\n\n<p>Kun teollisuudessa ja kaupan alalla prosessit ovat k\u00e4ytt\u00f6\u00f6noton j\u00e4lkeen kohtuullisen pysyvi\u00e4, joudutaan terveydenhuollossa mukautumaan uuteen tilanteeseen joka kerta kun uusi asiakaskohtaaminen alkaa. Mielest\u00e4mme terveydenhuollon ohjausratkaisuiden tulee sopeuta t\u00e4h\u00e4n, ei k\u00e4ytt\u00e4jien eik\u00e4 potilaiden.<\/p>\n\n<\/div><\/div><\/div>\n\n<div class=\"gb-grid-column gb-grid-column-4d35dfff\"><div class=\"gb-container gb-container-4d35dfff\"><div class=\"gb-inside-container\">\n\n<h2 class=\"gb-headline gb-headline-65afac06 gb-headline-text\">On olemassa paras tapa toteuttaa sovelluksia: rakentamalla laatu sis\u00e4\u00e4n yrityskulttuuriin<\/h2>\n\n\n\n<p>Terveydenhuollon ratkaisujen tulee tuottaa lis\u00e4arvoa sek\u00e4 potilaille ett\u00e4 heit\u00e4 hoitaville ammattilaisille ja organisaatioille. Sen lis\u00e4ksi niiden tulee olla turvallisia kaikille osapuolille. Meill\u00e4 on terveysteknologian toimialaosaamista yli kolmenkymmenen vuoden. Tied\u00e4mme, ett\u00e4 standardit ja toimialan lains\u00e4\u00e4d\u00e4nt\u00f6 oikein sovellettuina lis\u00e4\u00e4v\u00e4t turvallisuuden lis\u00e4ksi sek\u00e4 tuottavuuttamme ett\u00e4 yrityksemme arvoa<\/p>\n\n<\/div><\/div><\/div>\n<\/div>\n<\/div><\/div>","protected":false},"excerpt":{"rendered":"","protected":false},"author":1,"featured_media":0,"parent":0,"menu_order":0,"comment_status":"closed","ping_status":"closed","template":"","meta":{"inline_featured_image":false,"footnotes":""},"class_list":["post-16","page","type-page","status-publish"],"lang":"fi","translations":{"fi":16,"en":185},"pll_sync_post":[],"_links":{"self":[{"href":"https:\/\/clinisoft.fi\/index.php?rest_route=\/wp\/v2\/pages\/16","targetHints":{"allow":["GET"]}}],"collection":[{"href":"https:\/\/clinisoft.fi\/index.php?rest_route=\/wp\/v2\/pages"}],"about":[{"href":"https:\/\/clinisoft.fi\/index.php?rest_route=\/wp\/v2\/types\/page"}],"author":[{"embeddable":true,"href":"https:\/\/clinisoft.fi\/index.php?rest_route=\/wp\/v2\/users\/1"}],"replies":[{"embeddable":true,"href":"https:\/\/clinisoft.fi\/index.php?rest_route=%2Fwp%2Fv2%2Fcomments&post=16"}],"version-history":[{"count":98,"href":"https:\/\/clinisoft.fi\/index.php?rest_route=\/wp\/v2\/pages\/16\/revisions"}],"predecessor-version":[{"id":458,"href":"https:\/\/clinisoft.fi\/index.php?rest_route=\/wp\/v2\/pages\/16\/revisions\/458"}],"wp:attachment":[{"href":"https:\/\/clinisoft.fi\/index.php?rest_route=%2Fwp%2Fv2%2Fmedia&parent=16"}],"curies":[{"name":"wp","href":"https:\/\/api.w.org\/{rel}","templated":true}]}}