{"id":168,"date":"2022-06-08T15:19:08","date_gmt":"2022-06-08T12:19:08","guid":{"rendered":"https:\/\/clinisoft.fi\/?page_id=168"},"modified":"2022-06-11T16:54:39","modified_gmt":"2022-06-11T13:54:39","slug":"yhteystiedot","status":"publish","type":"page","link":"https:\/\/clinisoft.fi\/?page_id=168&lang=fi","title":{"rendered":"Yhteystiedot"},"content":{"rendered":"<div class=\"gb-container gb-container-823c86fe\"><div class=\"gb-inside-container\"><\/div><\/div>\n\n<div class=\"gb-container gb-container-1915ed49\"><div class=\"gb-inside-container\">\n<div class=\"gb-grid-wrapper gb-grid-wrapper-c9afd586\">\n<div class=\"gb-grid-column gb-grid-column-e6413348\"><div class=\"gb-container gb-container-e6413348\"><div class=\"gb-inside-container\">\n\n<h1 class=\"gb-headline gb-headline-65b75cbd gb-headline-text\">Yhteystiedot<\/h1>\n\n\n\n<p>Toimitusjohtaja: Pekka Kola<br>+358 40 573 1619<\/p>\n\n\n\n<p>Clinisoft Oy<br>Nurmitie 1<br>70700 Kuopio<br>Finland<\/p>\n\n\n\n<p>Y-tunnus: 3247018-9<\/p>\n\n\n\n<p>email: info@clinisoft.fi<\/p>\n\n\n\n<h3 class=\"wp-block-heading\">E-laskuosoite<\/h3>\n\n\n\n<p>E-laskuosoite: 003732470189<br>V\u00e4litt\u00e4j\u00e4: Apix Messaging Oy (003723327487) <\/p>\n\n\n\n<h3 class=\"wp-block-heading\">Paperilaskut<\/h3>\n\n\n\n<p>Clinisoft Oy, PL 16112, 00021 LASKUTUS<\/p>\n\n\n\n<h3 class=\"wp-block-heading\">S\u00e4hk\u00f6postilaskut<\/h3>\n\n\n\n<p>003732470189@procountor.apix.fi<\/p>\n\n<\/div><\/div><\/div>\n<\/div>\n<\/div><\/div>","protected":false},"excerpt":{"rendered":"","protected":false},"author":3,"featured_media":0,"parent":0,"menu_order":0,"comment_status":"closed","ping_status":"closed","template":"","meta":{"inline_featured_image":false,"footnotes":""},"class_list":["post-168","page","type-page","status-publish"],"lang":"fi","translations":{"fi":168,"en":383},"pll_sync_post":[],"_links":{"self":[{"href":"https:\/\/clinisoft.fi\/index.php?rest_route=\/wp\/v2\/pages\/168","targetHints":{"allow":["GET"]}}],"collection":[{"href":"https:\/\/clinisoft.fi\/index.php?rest_route=\/wp\/v2\/pages"}],"about":[{"href":"https:\/\/clinisoft.fi\/index.php?rest_route=\/wp\/v2\/types\/page"}],"author":[{"embeddable":true,"href":"https:\/\/clinisoft.fi\/index.php?rest_route=\/wp\/v2\/users\/3"}],"replies":[{"embeddable":true,"href":"https:\/\/clinisoft.fi\/index.php?rest_route=%2Fwp%2Fv2%2Fcomments&post=168"}],"version-history":[{"count":8,"href":"https:\/\/clinisoft.fi\/index.php?rest_route=\/wp\/v2\/pages\/168\/revisions"}],"predecessor-version":[{"id":333,"href":"https:\/\/clinisoft.fi\/index.php?rest_route=\/wp\/v2\/pages\/168\/revisions\/333"}],"wp:attachment":[{"href":"https:\/\/clinisoft.fi\/index.php?rest_route=%2Fwp%2Fv2%2Fmedia&parent=168"}],"curies":[{"name":"wp","href":"https:\/\/api.w.org\/{rel}","templated":true}]}}